{"id":99,"date":"2016-12-21T06:02:00","date_gmt":"2016-12-21T06:02:00","guid":{"rendered":"https:\/\/klubnl.pl\/wpr\/?page_id=99"},"modified":"2016-12-21T17:23:44","modified_gmt":"2016-12-21T17:23:44","slug":"grabber-vlf-8270hz-qrss600-sq5bpf","status":"publish","type":"page","link":"https:\/\/klubnl.pl\/wpr\/klubnl-pl-grabbers\/grabber-vlf-8270hz-qrss600-sq5bpf\/","title":{"rendered":"Grabber VLF 8270Hz QRSS600 SQ5BPF"},"content":{"rendered":"<p>Tymczasowy grabber VLF 8270Hz dla QRSS600 QTH Warszawa KO02md, w\u0142a\u015bciciel Jacek SQ5BPF<\/p>\n<p>Antena PA0RDT mini-whip, grabber dzia\u0142a na starym terminalu Neoware, uplink przez siec GSM.<\/p>\n<p><img decoding=\"async\" src=\"https:\/\/klubnl.pl\/grabber\/grabber2.jpg\" \/><\/p>\n","protected":false},"excerpt":{"rendered":"<p>Tymczasowy grabber VLF 8270Hz dla QRSS600 QTH Warszawa KO02md, w\u0142a\u015bciciel Jacek SQ5BPF Antena PA0RDT mini-whip, grabber dzia\u0142a na starym terminalu Neoware, uplink przez siec GSM.<\/p>\n","protected":false},"author":11,"featured_media":0,"parent":10,"menu_order":0,"comment_status":"closed","ping_status":"closed","template":"grabber_template.php","meta":{"footnotes":""},"class_list":["post-99","page","type-page","status-publish","hentry"],"translation":{"provider":"WPGlobus","version":"3.0.1","language":"pl","enabled_languages":["pl","en"],"languages":{"pl":{"title":true,"content":true,"excerpt":false},"en":{"title":false,"content":true,"excerpt":false}}},"_links":{"self":[{"href":"https:\/\/klubnl.pl\/wpr\/wp-json\/wp\/v2\/pages\/99","targetHints":{"allow":["GET"]}}],"collection":[{"href":"https:\/\/klubnl.pl\/wpr\/wp-json\/wp\/v2\/pages"}],"about":[{"href":"https:\/\/klubnl.pl\/wpr\/wp-json\/wp\/v2\/types\/page"}],"author":[{"embeddable":true,"href":"https:\/\/klubnl.pl\/wpr\/wp-json\/wp\/v2\/users\/11"}],"replies":[{"embeddable":true,"href":"https:\/\/klubnl.pl\/wpr\/wp-json\/wp\/v2\/comments?post=99"}],"version-history":[{"count":4,"href":"https:\/\/klubnl.pl\/wpr\/wp-json\/wp\/v2\/pages\/99\/revisions"}],"predecessor-version":[{"id":488,"href":"https:\/\/klubnl.pl\/wpr\/wp-json\/wp\/v2\/pages\/99\/revisions\/488"}],"up":[{"embeddable":true,"href":"https:\/\/klubnl.pl\/wpr\/wp-json\/wp\/v2\/pages\/10"}],"wp:attachment":[{"href":"https:\/\/klubnl.pl\/wpr\/wp-json\/wp\/v2\/media?parent=99"}],"curies":[{"name":"wp","href":"https:\/\/api.w.org\/{rel}","templated":true}]}}