{"id":861,"date":"2018-03-31T22:55:38","date_gmt":"2018-03-31T22:55:38","guid":{"rendered":"https:\/\/klubnl.pl\/wpr\/?page_id=861"},"modified":"2021-08-26T21:56:07","modified_gmt":"2021-08-26T21:56:07","slug":"grabber-zevs-82hz","status":"publish","type":"page","link":"https:\/\/klubnl.pl\/wpr\/klubnl-pl-grabbers\/grabber-zevs-82hz\/","title":{"rendered":"Grabber ZEVS 82Hz"},"content":{"rendered":"<p>Grabber 82Hz Jacka SQ5BPF , QTH Warszawa KO02md krok czasu 1 minuta<\/p>\n<p><img decoding=\"async\" src=\"https:\/\/klubnl.pl\/grabber\/grabber_sq5bpf_zevs_2h.png\" \/><\/p>\n<p>Ostatnie 12 godzin:<\/p>\n<p><img decoding=\"async\" src=\"https:\/\/klubnl.pl\/grabber\/grabber_sq5bpf_zevs_12h.png\" \/><\/p>\n<p>Ostatnie 48 godzin:<\/p>\n<p><img decoding=\"async\" src=\"https:\/\/klubnl.pl\/grabber\/grabber_sq5bpf_zevs_48h.png\" \/><\/p>\n<p>Moja antena nie by\u0142a budowana do odbioru ELF, wi\u0119c wielko\u015b\u0107 sygna\u0142u nie jest tak du\u017ca jak powinna by\u0107.<\/p>\n<p>ZEVS to nadajnik wojskowy na p\u00f3\u0142wyskie Kola pracuj\u0105cy na cz\u0119stotliwo\u015bci 82Hz. Wi\u0119cej informacji na stronie:<\/p>\n<p><a href=\"http:\/\/www.vlf.it\/zevs\/zevs.htm\">http:\/\/www.vlf.it\/zevs\/zevs.htm<\/a><\/p>\n<p>Zobacz te\u017c inne grabbery:<br \/>\n<a href=\"https:\/\/klubnl.pl\/wpr\/index.php\/klubnl-pl-grabbers\/grabber-4-8270hz\/\">Grabber SQ5BPF 8270Hz QTH Warszawa KO02md biny 92.6uHz krok czasu 1 godzina<\/a><br \/>\n<a href=\"https:\/\/klubnl.pl\/wpr\/index.php\/klubnl-pl-grabbers\/\">Grabbery KLUBNL.PL<\/a><br \/>\n<a href=\"https:\/\/klubnl.pl\/wpr\/index.php\/artykuly\/lista-grabberow-vlflfmf\/\">Lista Grabber\u00f3w VLF\/LF\/MF<\/a><\/p>\n","protected":false},"excerpt":{"rendered":"<p>Grabber 82Hz Jacka SQ5BPF , QTH Warszawa KO02md krok czasu 1 minuta Ostatnie 12 godzin: Ostatnie 48 godzin: Moja antena nie by\u0142a budowana do odbioru ELF, wi\u0119c wielko\u015b\u0107 sygna\u0142u nie jest tak du\u017ca jak powinna by\u0107. ZEVS to nadajnik wojskowy na p\u00f3\u0142wyskie Kola pracuj\u0105cy na cz\u0119stotliwo\u015bci 82Hz. Wi\u0119cej informacji na stronie: http:\/\/www.vlf.it\/zevs\/zevs.htm Zobacz te\u017c inne &hellip; <a href=\"https:\/\/klubnl.pl\/wpr\/klubnl-pl-grabbers\/grabber-zevs-82hz\/\" class=\"more-link\">Czytaj dalej<span class=\"screen-reader-text\"> \u201eGrabber ZEVS 82Hz\u201d<\/span><\/a><\/p>\n","protected":false},"author":1,"featured_media":0,"parent":10,"menu_order":0,"comment_status":"closed","ping_status":"closed","template":"grabber_template.php","meta":{"footnotes":""},"class_list":["post-861","page","type-page","status-publish","hentry"],"translation":{"provider":"WPGlobus","version":"3.0.1","language":"pl","enabled_languages":["pl","en"],"languages":{"pl":{"title":true,"content":true,"excerpt":false},"en":{"title":true,"content":true,"excerpt":false}}},"_links":{"self":[{"href":"https:\/\/klubnl.pl\/wpr\/wp-json\/wp\/v2\/pages\/861","targetHints":{"allow":["GET"]}}],"collection":[{"href":"https:\/\/klubnl.pl\/wpr\/wp-json\/wp\/v2\/pages"}],"about":[{"href":"https:\/\/klubnl.pl\/wpr\/wp-json\/wp\/v2\/types\/page"}],"author":[{"embeddable":true,"href":"https:\/\/klubnl.pl\/wpr\/wp-json\/wp\/v2\/users\/1"}],"replies":[{"embeddable":true,"href":"https:\/\/klubnl.pl\/wpr\/wp-json\/wp\/v2\/comments?post=861"}],"version-history":[{"count":6,"href":"https:\/\/klubnl.pl\/wpr\/wp-json\/wp\/v2\/pages\/861\/revisions"}],"predecessor-version":[{"id":869,"href":"https:\/\/klubnl.pl\/wpr\/wp-json\/wp\/v2\/pages\/861\/revisions\/869"}],"up":[{"embeddable":true,"href":"https:\/\/klubnl.pl\/wpr\/wp-json\/wp\/v2\/pages\/10"}],"wp:attachment":[{"href":"https:\/\/klubnl.pl\/wpr\/wp-json\/wp\/v2\/media?parent=861"}],"curies":[{"name":"wp","href":"https:\/\/api.w.org\/{rel}","templated":true}]}}