{"id":77,"date":"2016-12-15T21:45:15","date_gmt":"2016-12-15T21:45:15","guid":{"rendered":"https:\/\/klubnl.pl\/wpr\/?page_id=77"},"modified":"2019-02-14T03:22:36","modified_gmt":"2019-02-14T03:22:36","slug":"grabber-vlf-sq2bxi","status":"publish","type":"page","link":"https:\/\/klubnl.pl\/wpr\/klubnl-pl-grabbers\/grabber-vlf-sq2bxi\/","title":{"rendered":"Grabber LF SQ2BXI"},"content":{"rendered":"<p>Tymczasowy LF DX grabber QTH Gda\u0144sk JO94gj, w\u0142a\u015bciciel Marcin SQ2BXI<\/p>\n<p>Antena PA0RDT mini-whip, grabber dzia\u0142a na starym terminalu Neoware, uplink przez siec GSM.<\/p>\n<p><img decoding=\"async\" src=\"https:\/\/klubnl.pl\/grabber\/grabber1.jpg\" \/><\/p>\n<p>Tymczasowy grabber SQ5BPF 137kHz:<\/p>\n<p><img decoding=\"async\" src=\"https:\/\/klubnl.pl\/grabber\/grabber_sq5bpf_137khz_1.png\" \/><\/p>\n","protected":false},"excerpt":{"rendered":"<p>Tymczasowy LF DX grabber QTH Gda\u0144sk JO94gj, w\u0142a\u015bciciel Marcin SQ2BXI Antena PA0RDT mini-whip, grabber dzia\u0142a na starym terminalu Neoware, uplink przez siec GSM. Tymczasowy grabber SQ5BPF 137kHz:<\/p>\n","protected":false},"author":11,"featured_media":0,"parent":10,"menu_order":0,"comment_status":"closed","ping_status":"closed","template":"grabber_template.php","meta":{"footnotes":""},"class_list":["post-77","page","type-page","status-publish","hentry"],"translation":{"provider":"WPGlobus","version":"3.0.1","language":"pl","enabled_languages":["pl","en"],"languages":{"pl":{"title":true,"content":true,"excerpt":false},"en":{"title":false,"content":true,"excerpt":false}}},"_links":{"self":[{"href":"https:\/\/klubnl.pl\/wpr\/wp-json\/wp\/v2\/pages\/77","targetHints":{"allow":["GET"]}}],"collection":[{"href":"https:\/\/klubnl.pl\/wpr\/wp-json\/wp\/v2\/pages"}],"about":[{"href":"https:\/\/klubnl.pl\/wpr\/wp-json\/wp\/v2\/types\/page"}],"author":[{"embeddable":true,"href":"https:\/\/klubnl.pl\/wpr\/wp-json\/wp\/v2\/users\/11"}],"replies":[{"embeddable":true,"href":"https:\/\/klubnl.pl\/wpr\/wp-json\/wp\/v2\/comments?post=77"}],"version-history":[{"count":12,"href":"https:\/\/klubnl.pl\/wpr\/wp-json\/wp\/v2\/pages\/77\/revisions"}],"predecessor-version":[{"id":1245,"href":"https:\/\/klubnl.pl\/wpr\/wp-json\/wp\/v2\/pages\/77\/revisions\/1245"}],"up":[{"embeddable":true,"href":"https:\/\/klubnl.pl\/wpr\/wp-json\/wp\/v2\/pages\/10"}],"wp:attachment":[{"href":"https:\/\/klubnl.pl\/wpr\/wp-json\/wp\/v2\/media?parent=77"}],"curies":[{"name":"wp","href":"https:\/\/api.w.org\/{rel}","templated":true}]}}