{"id":667,"date":"2017-12-09T23:57:51","date_gmt":"2017-12-09T23:57:51","guid":{"rendered":"https:\/\/klubnl.pl\/wpr\/?page_id=667"},"modified":"2019-03-03T18:52:51","modified_gmt":"2019-03-03T18:52:51","slug":"tymczasowy-grabber-sq5bpf-do-testow-stefana-dk7fc-na-17-4701hz-556uhz","status":"publish","type":"page","link":"https:\/\/klubnl.pl\/wpr\/tymczasowy-grabber-sq5bpf-do-testow-stefana-dk7fc-na-17-4701hz-556uhz\/","title":{"rendered":"Tymczasowy grabber SQ5BPF do test\u00f3w Stefana DK7FC na 17.4701Hz 556uHz (WY\u0141\u0104CZONY)"},"content":{"rendered":"<p>Ten grabber jest obecnie wy\u0142\u0105czony.<\/p>\n<p>&nbsp;<\/p>\n<p>Grabber 17470.1Hz do test\u00f3w Stefana DK7FC u Jacka SQ5BPF , QTH Warszawa KO02md biny 556uHz krok czasu 30 minut<br \/>\nSygna\u0142 Stefana jest na tyle silny, \u017ce mo\u017ce zastosuj\u0119 jeszcze kr\u00f3tszy czas integracji<\/p>\n<p><img decoding=\"async\" src=\"https:\/\/klubnl.pl\/grabber\/grabber_sq5bpf_17470fast.png\" \/><\/p>\n<p>Wykres o \u015bredniej znormalizowanej do sta\u0142ej warto\u015bci:<\/p>\n<p><img decoding=\"async\" src=\"https:\/\/klubnl.pl\/grabber\/grabber_sq5bpf_17470fast_avg.png\" \/><\/p>\n<p>Zobacz te\u017c inne grabbery:<br \/>\n<a href=\"https:\/\/klubnl.pl\/wpr\/index.php\/klubnl-pl-grabbers\/tymczasowy-grabber-sq5bpf-do-testow-stefana-dk7fc-na-17-4701hz\/\">Grabber SQ5BPF 17470.1Hz QTH Warszawa KO02md biny 92.6uHz krok czasu 1 godzina<\/a><\/p>\n<p><a href=\"https:\/\/klubnl.pl\/wpr\/index.php\/klubnl-pl-grabbers\/grabber-4-8270hz\/\">Grabber SQ5BPF 8270Hz QTH Warszawa KO02md biny 92.6uHz krok czasu 1 godzina<\/a><br \/>\n<a href=\"https:\/\/klubnl.pl\/wpr\/index.php\/klubnl-pl-grabbers\/grabber-sq5bpf-6470hz\/\">Grabber SQ5BPF 6470Hz QTH Warszawa KO02md biny 92.6uHz krok czasu 1 godzina<\/a><br \/>\n<a href=\"https:\/\/klubnl.pl\/wpr\/index.php\/klubnl-pl-grabbers\/grabber-sq5bpf-5170hz\/\">Grabber SQ5BPF 5170Hz QTH Warszawa KO02md biny 92.6uHz krok czasu 1 godzina<\/a><br \/>\n<a href=\"https:\/\/klubnl.pl\/wpr\/index.php\/klubnl-pl-grabbers\/\">Grabbery KLUBNL.PL<\/a><br \/>\n<a href=\"https:\/\/klubnl.pl\/wpr\/index.php\/artykuly\/lista-grabberow-vlflfmf\/\">Lista Grabber\u00f3w VLF\/LF\/MF<\/a><\/p>\n","protected":false},"excerpt":{"rendered":"<p>Ten grabber jest obecnie wy\u0142\u0105czony. &nbsp; Grabber 17470.1Hz do test\u00f3w Stefana DK7FC u Jacka SQ5BPF , QTH Warszawa KO02md biny 556uHz krok czasu 30 minut Sygna\u0142 Stefana jest na tyle silny, \u017ce mo\u017ce zastosuj\u0119 jeszcze kr\u00f3tszy czas integracji Wykres o \u015bredniej znormalizowanej do sta\u0142ej warto\u015bci: Zobacz te\u017c inne grabbery: Grabber SQ5BPF 17470.1Hz QTH Warszawa KO02md &hellip; <a href=\"https:\/\/klubnl.pl\/wpr\/tymczasowy-grabber-sq5bpf-do-testow-stefana-dk7fc-na-17-4701hz-556uhz\/\" class=\"more-link\">Czytaj dalej<span class=\"screen-reader-text\"> \u201eTymczasowy grabber SQ5BPF do test\u00f3w Stefana DK7FC na 17.4701Hz 556uHz (WY\u0141\u0104CZONY)\u201d<\/span><\/a><\/p>\n","protected":false},"author":1,"featured_media":0,"parent":0,"menu_order":0,"comment_status":"closed","ping_status":"closed","template":"grabber_template.php","meta":{"footnotes":""},"class_list":["post-667","page","type-page","status-publish","hentry"],"translation":{"provider":"WPGlobus","version":"3.0.1","language":"pl","enabled_languages":["pl","en"],"languages":{"pl":{"title":true,"content":true,"excerpt":false},"en":{"title":true,"content":true,"excerpt":false}}},"_links":{"self":[{"href":"https:\/\/klubnl.pl\/wpr\/wp-json\/wp\/v2\/pages\/667","targetHints":{"allow":["GET"]}}],"collection":[{"href":"https:\/\/klubnl.pl\/wpr\/wp-json\/wp\/v2\/pages"}],"about":[{"href":"https:\/\/klubnl.pl\/wpr\/wp-json\/wp\/v2\/types\/page"}],"author":[{"embeddable":true,"href":"https:\/\/klubnl.pl\/wpr\/wp-json\/wp\/v2\/users\/1"}],"replies":[{"embeddable":true,"href":"https:\/\/klubnl.pl\/wpr\/wp-json\/wp\/v2\/comments?post=667"}],"version-history":[{"count":8,"href":"https:\/\/klubnl.pl\/wpr\/wp-json\/wp\/v2\/pages\/667\/revisions"}],"predecessor-version":[{"id":679,"href":"https:\/\/klubnl.pl\/wpr\/wp-json\/wp\/v2\/pages\/667\/revisions\/679"}],"wp:attachment":[{"href":"https:\/\/klubnl.pl\/wpr\/wp-json\/wp\/v2\/media?parent=667"}],"curies":[{"name":"wp","href":"https:\/\/api.w.org\/{rel}","templated":true}]}}