{"id":622,"date":"2017-11-27T23:05:47","date_gmt":"2017-11-27T23:05:47","guid":{"rendered":"https:\/\/klubnl.pl\/wpr\/?page_id=622"},"modified":"2019-03-03T18:50:56","modified_gmt":"2019-03-03T18:50:56","slug":"tymczasowy-grabber-sq5bpf-do-testow-stefana-dk7fc-na-17-4701hz","status":"publish","type":"page","link":"https:\/\/klubnl.pl\/wpr\/klubnl-pl-grabbers\/tymczasowy-grabber-sq5bpf-do-testow-stefana-dk7fc-na-17-4701hz\/","title":{"rendered":"Tymczasowy grabber SQ5BPF do test\u00f3w Stefana DK7FC na 17.4701Hz (WY\u0141\u0104CZONY)"},"content":{"rendered":"<p>Ten grabber jest obecnie wy\u0142\u0105czony.<\/p>\n<p>&nbsp;<\/p>\n<p>Grabber 17470.1Hz do test\u00f3w Stefana DK7FC u Jacka SQ5BPF , QTH Warszawa KO02md biny 92.6uHz krok czasu 1 godzina<\/p>\n<p><img decoding=\"async\" src=\"https:\/\/klubnl.pl\/grabber\/grabber_sq5bpf_17470.png\" \/><\/p>\n<p>Wykres o \u015bredniej znormalizowanej do sta\u0142ej warto\u015bci:<\/p>\n<p><img decoding=\"async\" src=\"https:\/\/klubnl.pl\/grabber\/grabber_sq5bpf_17470_avg.png\" \/><\/p>\n<p>Zobacz te\u017c inne grabbery:<br \/>\n<a href=\"https:\/\/klubnl.pl\/wpr\/index.php\/klubnl-pl-grabbers\/grabber-4-8270hz\/\">Grabber SQ5BPF 8270Hz QTH Warszawa KO02md biny 92.6uHz krok czasu 1 godzina<\/a><br \/>\n<a href=\"https:\/\/klubnl.pl\/wpr\/index.php\/klubnl-pl-grabbers\/grabber-sq5bpf-6470hz\/\">Grabber SQ5BPF 6470Hz QTH Warszawa KO02md biny 92.6uHz krok czasu 1 godzina<\/a><br \/>\n<a href=\"https:\/\/klubnl.pl\/wpr\/index.php\/klubnl-pl-grabbers\/grabber-sq5bpf-5170hz\/\">Grabber SQ5BPF 5170Hz QTH Warszawa KO02md biny 92.6uHz krok czasu 1 godzina<\/a><br \/>\n<a href=\"https:\/\/klubnl.pl\/wpr\/index.php\/klubnl-pl-grabbers\/\">Grabbery KLUBNL.PL<\/a><br \/>\n<a href=\"https:\/\/klubnl.pl\/wpr\/index.php\/artykuly\/lista-grabberow-vlflfmf\/\">Lista Grabber\u00f3w VLF\/LF\/MF<\/a><\/p>\n","protected":false},"excerpt":{"rendered":"<p>Ten grabber jest obecnie wy\u0142\u0105czony. &nbsp; Grabber 17470.1Hz do test\u00f3w Stefana DK7FC u Jacka SQ5BPF , QTH Warszawa KO02md biny 92.6uHz krok czasu 1 godzina Wykres o \u015bredniej znormalizowanej do sta\u0142ej warto\u015bci: Zobacz te\u017c inne grabbery: Grabber SQ5BPF 8270Hz QTH Warszawa KO02md biny 92.6uHz krok czasu 1 godzina Grabber SQ5BPF 6470Hz QTH Warszawa KO02md biny &hellip; <a href=\"https:\/\/klubnl.pl\/wpr\/klubnl-pl-grabbers\/tymczasowy-grabber-sq5bpf-do-testow-stefana-dk7fc-na-17-4701hz\/\" class=\"more-link\">Czytaj dalej<span class=\"screen-reader-text\"> \u201eTymczasowy grabber SQ5BPF do test\u00f3w Stefana DK7FC na 17.4701Hz (WY\u0141\u0104CZONY)\u201d<\/span><\/a><\/p>\n","protected":false},"author":1,"featured_media":0,"parent":10,"menu_order":0,"comment_status":"closed","ping_status":"closed","template":"grabber_template.php","meta":{"footnotes":""},"class_list":["post-622","page","type-page","status-publish","hentry"],"translation":{"provider":"WPGlobus","version":"3.0.1","language":"pl","enabled_languages":["pl","en"],"languages":{"pl":{"title":true,"content":true,"excerpt":false},"en":{"title":true,"content":true,"excerpt":false}}},"_links":{"self":[{"href":"https:\/\/klubnl.pl\/wpr\/wp-json\/wp\/v2\/pages\/622","targetHints":{"allow":["GET"]}}],"collection":[{"href":"https:\/\/klubnl.pl\/wpr\/wp-json\/wp\/v2\/pages"}],"about":[{"href":"https:\/\/klubnl.pl\/wpr\/wp-json\/wp\/v2\/types\/page"}],"author":[{"embeddable":true,"href":"https:\/\/klubnl.pl\/wpr\/wp-json\/wp\/v2\/users\/1"}],"replies":[{"embeddable":true,"href":"https:\/\/klubnl.pl\/wpr\/wp-json\/wp\/v2\/comments?post=622"}],"version-history":[{"count":8,"href":"https:\/\/klubnl.pl\/wpr\/wp-json\/wp\/v2\/pages\/622\/revisions"}],"predecessor-version":[{"id":625,"href":"https:\/\/klubnl.pl\/wpr\/wp-json\/wp\/v2\/pages\/622\/revisions\/625"}],"up":[{"embeddable":true,"href":"https:\/\/klubnl.pl\/wpr\/wp-json\/wp\/v2\/pages\/10"}],"wp:attachment":[{"href":"https:\/\/klubnl.pl\/wpr\/wp-json\/wp\/v2\/media?parent=622"}],"curies":[{"name":"wp","href":"https:\/\/api.w.org\/{rel}","templated":true}]}}