{"id":530,"date":"2017-10-01T19:57:05","date_gmt":"2017-10-01T19:57:05","guid":{"rendered":"https:\/\/klubnl.pl\/wpr\/?page_id=530"},"modified":"2019-09-08T10:15:36","modified_gmt":"2019-09-08T10:15:36","slug":"grabber-sq5bpf-6470hz","status":"publish","type":"page","link":"https:\/\/klubnl.pl\/wpr\/klubnl-pl-grabbers\/grabber-sq5bpf-6470hz\/","title":{"rendered":"Grabber SQ5BPF 6470Hz"},"content":{"rendered":"<h5><span style=\"color: #ff0000;\">Ten grabber jest chwilowo wy\u0142\u0105czony. Powinien zosta\u0107 w\u0142\u0105czony zim\u0105 2019.<\/span><\/h5>\n<p>Grabber 6470Hz Jacka SQ5BPF , QTH Warszawa KO02md biny 92.6uHz krok czasu 1 godzina<\/p>\n<p><img decoding=\"async\" src=\"https:\/\/klubnl.pl\/grabber\/grabber_sq5bpf_6470.png\" \/><\/p>\n<p>Wykres o \u015bredniej znormalizowanej do sta\u0142ej warto\u015bci:<\/p>\n<p><img decoding=\"async\" src=\"https:\/\/klubnl.pl\/grabber\/grabber_sq5bpf_6470_avg.png\" \/><\/p>\n<p>Zobacz te\u017c inne grabbery:<br \/>\n<a href=\"https:\/\/klubnl.pl\/wpr\/index.php\/klubnl-pl-grabbers\/grabber-4-8270hz\/\">Grabber SQ5BPF 8270Hz QTH Warszawa KO02md biny 92.6uHz krok czasu 1 godzina<\/a><br \/>\n<a href=\"https:\/\/klubnl.pl\/wpr\/index.php\/klubnl-pl-grabbers\/\">Grabbery KLUBNL.PL<\/a><br \/>\n<a href=\"https:\/\/klubnl.pl\/wpr\/index.php\/artykuly\/lista-grabberow-vlflfmf\/\">Lista Grabber\u00f3w VLF\/LF\/MF<\/a><\/p>\n","protected":false},"excerpt":{"rendered":"<p>Ten grabber jest chwilowo wy\u0142\u0105czony. Powinien zosta\u0107 w\u0142\u0105czony zim\u0105 2019. Grabber 6470Hz Jacka SQ5BPF , QTH Warszawa KO02md biny 92.6uHz krok czasu 1 godzina Wykres o \u015bredniej znormalizowanej do sta\u0142ej warto\u015bci: Zobacz te\u017c inne grabbery: Grabber SQ5BPF 8270Hz QTH Warszawa KO02md biny 92.6uHz krok czasu 1 godzina Grabbery KLUBNL.PL Lista Grabber\u00f3w VLF\/LF\/MF<\/p>\n","protected":false},"author":1,"featured_media":0,"parent":10,"menu_order":0,"comment_status":"closed","ping_status":"closed","template":"grabber_template.php","meta":{"footnotes":""},"class_list":["post-530","page","type-page","status-publish","hentry"],"translation":{"provider":"WPGlobus","version":"3.0.1","language":"pl","enabled_languages":["pl","en"],"languages":{"pl":{"title":true,"content":true,"excerpt":false},"en":{"title":true,"content":true,"excerpt":false}}},"_links":{"self":[{"href":"https:\/\/klubnl.pl\/wpr\/wp-json\/wp\/v2\/pages\/530","targetHints":{"allow":["GET"]}}],"collection":[{"href":"https:\/\/klubnl.pl\/wpr\/wp-json\/wp\/v2\/pages"}],"about":[{"href":"https:\/\/klubnl.pl\/wpr\/wp-json\/wp\/v2\/types\/page"}],"author":[{"embeddable":true,"href":"https:\/\/klubnl.pl\/wpr\/wp-json\/wp\/v2\/users\/1"}],"replies":[{"embeddable":true,"href":"https:\/\/klubnl.pl\/wpr\/wp-json\/wp\/v2\/comments?post=530"}],"version-history":[{"count":12,"href":"https:\/\/klubnl.pl\/wpr\/wp-json\/wp\/v2\/pages\/530\/revisions"}],"predecessor-version":[{"id":1459,"href":"https:\/\/klubnl.pl\/wpr\/wp-json\/wp\/v2\/pages\/530\/revisions\/1459"}],"up":[{"embeddable":true,"href":"https:\/\/klubnl.pl\/wpr\/wp-json\/wp\/v2\/pages\/10"}],"wp:attachment":[{"href":"https:\/\/klubnl.pl\/wpr\/wp-json\/wp\/v2\/media?parent=530"}],"curies":[{"name":"wp","href":"https:\/\/api.w.org\/{rel}","templated":true}]}}