{"id":483,"date":"2017-09-17T20:51:57","date_gmt":"2017-09-17T20:51:57","guid":{"rendered":"https:\/\/klubnl.pl\/wpr\/?page_id=483"},"modified":"2021-08-26T21:56:50","modified_gmt":"2021-08-26T21:56:50","slug":"grabber-4-8270hz","status":"publish","type":"page","link":"https:\/\/klubnl.pl\/wpr\/klubnl-pl-grabbers\/grabber-4-8270hz\/","title":{"rendered":"Grabber SQ5BPF 8270Hz"},"content":{"rendered":"<p>Grabber 8270Hz Jacka SQ5BPF , QTH Warszawa KO02md biny 92.6uHz krok czasu 1 godzina<\/p>\n<p><img decoding=\"async\" src=\"https:\/\/klubnl.pl\/grabber\/grabber_sq5bpf_8270.png\" \/><\/p>\n<p>Wykres o \u015bredniej znormalizowanej do sta\u0142ej warto\u015bci:<\/p>\n<p><img decoding=\"async\" src=\"https:\/\/klubnl.pl\/grabber\/grabber_sq5bpf_8270_avg.png\" \/><\/p>\n<p>Zobacz te\u017c inne grabbery:<br \/>\n<a href=\"https:\/\/klubnl.pl\/wpr\/index.php\/klubnl-pl-grabbers\/grabber-sq5bpf-6470hz\/\">Grabber SQ5BPF 6470Hz QTH Warszawa KO02md biny 92.6uHz krok czasu 1 godzina<\/a><br \/>\n<a href=\"https:\/\/klubnl.pl\/wpr\/index.php\/klubnl-pl-grabbers\/\">Grabbery KLUBNL.PL<\/a><br \/>\n<a href=\"https:\/\/klubnl.pl\/wpr\/index.php\/artykuly\/lista-grabberow-vlflfmf\/\">Lista Grabber\u00f3w VLF\/LF\/MF<\/a><\/p>\n","protected":false},"excerpt":{"rendered":"<p>Grabber 8270Hz Jacka SQ5BPF , QTH Warszawa KO02md biny 92.6uHz krok czasu 1 godzina Wykres o \u015bredniej znormalizowanej do sta\u0142ej warto\u015bci: Zobacz te\u017c inne grabbery: Grabber SQ5BPF 6470Hz QTH Warszawa KO02md biny 92.6uHz krok czasu 1 godzina Grabbery KLUBNL.PL Lista Grabber\u00f3w VLF\/LF\/MF<\/p>\n","protected":false},"author":1,"featured_media":0,"parent":10,"menu_order":0,"comment_status":"closed","ping_status":"closed","template":"grabber_template.php","meta":{"footnotes":""},"class_list":["post-483","page","type-page","status-publish","hentry"],"translation":{"provider":"WPGlobus","version":"3.0.1","language":"pl","enabled_languages":["pl","en"],"languages":{"pl":{"title":true,"content":true,"excerpt":false},"en":{"title":false,"content":true,"excerpt":false}}},"_links":{"self":[{"href":"https:\/\/klubnl.pl\/wpr\/wp-json\/wp\/v2\/pages\/483","targetHints":{"allow":["GET"]}}],"collection":[{"href":"https:\/\/klubnl.pl\/wpr\/wp-json\/wp\/v2\/pages"}],"about":[{"href":"https:\/\/klubnl.pl\/wpr\/wp-json\/wp\/v2\/types\/page"}],"author":[{"embeddable":true,"href":"https:\/\/klubnl.pl\/wpr\/wp-json\/wp\/v2\/users\/1"}],"replies":[{"embeddable":true,"href":"https:\/\/klubnl.pl\/wpr\/wp-json\/wp\/v2\/comments?post=483"}],"version-history":[{"count":15,"href":"https:\/\/klubnl.pl\/wpr\/wp-json\/wp\/v2\/pages\/483\/revisions"}],"predecessor-version":[{"id":1495,"href":"https:\/\/klubnl.pl\/wpr\/wp-json\/wp\/v2\/pages\/483\/revisions\/1495"}],"up":[{"embeddable":true,"href":"https:\/\/klubnl.pl\/wpr\/wp-json\/wp\/v2\/pages\/10"}],"wp:attachment":[{"href":"https:\/\/klubnl.pl\/wpr\/wp-json\/wp\/v2\/media?parent=483"}],"curies":[{"name":"wp","href":"https:\/\/api.w.org\/{rel}","templated":true}]}}