{"id":38,"date":"2016-12-10T10:59:53","date_gmt":"2016-12-10T10:59:53","guid":{"rendered":"http:\/\/klubnl.pl\/wpr\/?page_id=38"},"modified":"2016-12-10T13:42:01","modified_gmt":"2016-12-10T13:42:01","slug":"regulamin-strony-forum-i-warunki-rejestracji","status":"publish","type":"page","link":"https:\/\/klubnl.pl\/wpr\/regulamin-strony-forum-i-warunki-rejestracji\/","title":{"rendered":"Regulamin"},"content":{"rendered":"<p>Rejestracja na forum odbywa si\u0119 dwuetapowo:<\/p>\n<ul>\n<li>przez rejestracj\u0119 na Forum , nale\u017cy klikn\u0105\u0107 &#8222;Register&#8221; i poda\u0107 swoje dane. (UWAGA: po zatwierdzeniu pojawia si\u0119 pusta strona, prosz\u0119 si\u0119 tym nie przejmowa\u0107)<\/li>\n<li>na adres <a href=\"mailto:zatwierdzenie@klubnl.pl\">zatwierdzenie@klubnl.pl <\/a>wysy\u0142amy (z adresu mailowego kt\u00f3ry by\u0142 podany przy rejestracji) pro\u015bb\u0119 o zatwierdzenie rejestracji. nale\u017cy poda\u0107 nazw\u0119 u\u017cytkownika i dlaczego chcieliby\u015bmy si\u0119 zarejestrowa\u0107<\/li>\n<\/ul>\n<p>Strona i forum s\u0142u\u017cy tylko do wymiany informacji zgodnej z tematyk\u0105 radiokomunikacyjn\u0105 dla kr\u0119gu zainteresowanych u\u017cytkownik\u00f3w. W szczeg\u00f3lno\u015bci zabronione jest spamowanie, wykorzystywanie jej w celach komercyjnych oraz zamieszczania tre\u015bci nielegalnych lub obra\u017aliwych.<\/p>\n<p>Administratorzy zastrzegaja sobie wszelkie prawa do zablokowania, usuni\u0119cia konta, usuni\u0119cia i modyfikacji tre\u015bci.<\/p>\n<p>Wszystkie tre\u015bci forum nale\u017cy traktowa\u0107 jako og\u00f3lnodost\u0119pne, rejestracja daje tylko mo\u017cliwo\u015b\u0107 zamieszczania tre\u015bci na forum. Z tego powodu prosimy nie podawa\u0107 danych wra\u017cliwych (np. danych osobowych) swoich i innych.<\/p>\n","protected":false},"excerpt":{"rendered":"<p>Rejestracja na forum odbywa si\u0119 dwuetapowo: przez rejestracj\u0119 na Forum , nale\u017cy klikn\u0105\u0107 &#8222;Register&#8221; i poda\u0107 swoje dane. (UWAGA: po zatwierdzeniu pojawia si\u0119 pusta strona, prosz\u0119 si\u0119 tym nie przejmowa\u0107) na adres zatwierdzenie@klubnl.pl wysy\u0142amy (z adresu mailowego kt\u00f3ry by\u0142 podany przy rejestracji) pro\u015bb\u0119 o zatwierdzenie rejestracji. nale\u017cy poda\u0107 nazw\u0119 u\u017cytkownika i dlaczego chcieliby\u015bmy si\u0119 zarejestrowa\u0107 &hellip; <a href=\"https:\/\/klubnl.pl\/wpr\/regulamin-strony-forum-i-warunki-rejestracji\/\" class=\"more-link\">Czytaj dalej<span class=\"screen-reader-text\"> \u201eRegulamin\u201d<\/span><\/a><\/p>\n","protected":false},"author":1,"featured_media":0,"parent":0,"menu_order":0,"comment_status":"closed","ping_status":"closed","template":"","meta":{"footnotes":""},"class_list":["post-38","page","type-page","status-publish","hentry"],"translation":{"provider":"WPGlobus","version":"3.0.1","language":"pl","enabled_languages":["pl","en"],"languages":{"pl":{"title":true,"content":true,"excerpt":false},"en":{"title":true,"content":true,"excerpt":false}}},"_links":{"self":[{"href":"https:\/\/klubnl.pl\/wpr\/wp-json\/wp\/v2\/pages\/38","targetHints":{"allow":["GET"]}}],"collection":[{"href":"https:\/\/klubnl.pl\/wpr\/wp-json\/wp\/v2\/pages"}],"about":[{"href":"https:\/\/klubnl.pl\/wpr\/wp-json\/wp\/v2\/types\/page"}],"author":[{"embeddable":true,"href":"https:\/\/klubnl.pl\/wpr\/wp-json\/wp\/v2\/users\/1"}],"replies":[{"embeddable":true,"href":"https:\/\/klubnl.pl\/wpr\/wp-json\/wp\/v2\/comments?post=38"}],"version-history":[{"count":5,"href":"https:\/\/klubnl.pl\/wpr\/wp-json\/wp\/v2\/pages\/38\/revisions"}],"predecessor-version":[{"id":1202,"href":"https:\/\/klubnl.pl\/wpr\/wp-json\/wp\/v2\/pages\/38\/revisions\/1202"}],"wp:attachment":[{"href":"https:\/\/klubnl.pl\/wpr\/wp-json\/wp\/v2\/media?parent=38"}],"curies":[{"name":"wp","href":"https:\/\/api.w.org\/{rel}","templated":true}]}}