{"id":257,"date":"2017-03-03T19:43:46","date_gmt":"2017-03-03T19:43:46","guid":{"rendered":"https:\/\/klubnl.pl\/wpr\/?page_id=257"},"modified":"2017-03-03T19:43:46","modified_gmt":"2017-03-03T19:43:46","slug":"proste-zrodlo-sygnalu-1pps","status":"publish","type":"page","link":"https:\/\/klubnl.pl\/wpr\/artykuly\/proste-zrodlo-sygnalu-1pps\/","title":{"rendered":"Proste \u017ar\u00f3d\u0142o sygna\u0142u 1PPS"},"content":{"rendered":"<h3>Proste \u017ar\u00f3d\u0142o i rozdzielacz sygna\u0142u 1PPS<\/h3>\n<p>W praktyce radioamatorskiej przydaje si\u0119 dok\u0142adny wzorzec czasu i cz\u0119stotliwo\u015bci. Najta\u0144szym \u017ar\u00f3d\u0142em sygna\u0142u odniesienia jest system GPS. W artykule jest opisany prosty bufor i rozdzielacz sygna\u0142u 1PPS aby m\u00f3g\u0142 on by\u0107 u\u017cyty przez wiele urz\u0105dze\u0144.<\/p>\n<p>Odbiorniki GPS udost\u0119pniaj\u0105 sygna\u0142 1PPS, czyli jeden impuls na sekund\u0119 z narastaj\u0105cym zboczem dok\u0142adnie na pocz\u0105tku ka\u017cdej sekundy. Czasem udost\u0119pniaj\u0105 r\u00f3wnie\u017c inne sygna\u0142y np. 1kHz, 10kHz, 10MHz lub inne.<\/p>\n<p>\u0179r\u00f3d\u0142em sygna\u0142u 1PPS jest odbiornik GPS uBlox NEO-6M. U\u017cyto taniego gotowego modu\u0142u (koszt rz\u0119du 50z\u0142) NEO6MV2, widoczny na Rys 1. Mo\u017cna u\u017cy\u0107 r\u00f3wnie\u017c innych modu\u0142\u00f3w, pod warunkiem \u017ce maj\u0105 one wyprowadzone wyj\u015bcie 1PPS.<\/p>\n<p><img loading=\"lazy\" decoding=\"async\" class=\"alignnone size-full wp-image-258\" src=\"https:\/\/klubnl.pl\/wpr\/wp-content\/uploads\/2017\/03\/neo6m_2.jpg\" alt=\"\" width=\"406\" height=\"310\" \/><\/p>\n<p><em>Rys 1. Modu\u0142 z GPS u-blox NEO-6M<\/em><\/p>\n<p>Na schemacie Rys 2 pokazany jest schemat rozdzielacza sygna\u0142u. Uk\u0142ad 74HC04 dzia\u0142a jako prosty bufor s\u0142u\u017c\u0105cy rodzieleniu tego sygna\u0142u na 4 gniazda BNC oraz steruj\u0105cy diod\u0105 LED sygnalizuj\u0105c\u0105 sygna\u0142 1PPS.<\/p>\n<p><img loading=\"lazy\" decoding=\"async\" class=\"alignnone size-full wp-image-254\" src=\"https:\/\/klubnl.pl\/wpr\/wp-content\/uploads\/2017\/03\/gps_1pps.png\" alt=\"\" width=\"774\" height=\"477\" \/><\/p>\n<p><em>Rys 2. Odbiornik GPS i wzmacniacz\/bufor dla sygna\u0142u 1PPS.<\/em><\/p>\n<p>Wej\u015bcie antenowe modu\u0142u GPS zosta\u0142o wyprowadzone na gniazdo SMA w celu umo\u017cliwienia pod\u0142\u0105czenia anteny zewn\u0119trznej. Antena ta powinna widzie\u0107 przynajmniej pare satelit\u00f3w systemu GPS, wystarczaj\u0105ce jest umieszczenie jej na parapecie.<\/p>\n<p>Konfiguracja odbiornika GPS mo\u017cliwa jest przez port szeregowy RS232-TTL W tym celu zastosowano gotowy modu\u0142 USB\/RS232-TTL, widoczny w g\u00f3rnej cz\u0119\u015bci Rys 3..<\/p>\n<p><img loading=\"lazy\" decoding=\"async\" class=\"alignnone size-full wp-image-259\" src=\"https:\/\/klubnl.pl\/wpr\/wp-content\/uploads\/2017\/03\/gps_w_obudowie1.png\" alt=\"\" width=\"571\" height=\"782\" \/><\/p>\n<p><em>Rys 3. Odbiornik w obudowie<\/em><\/p>\n<p>Konfiguracj\u0119 wykonujemy za pomoc\u0105 oprogramowania u-Center firmy u-blox, dost\u0119pne tu:<\/p>\n<p><a href=\"https:\/\/www.u-blox.com\/en\/product\/u-center-windows\">https:\/\/www.u-blox.com\/en\/product\/u-center-windows<\/a><\/p>\n<p>&nbsp;<\/p>\n<p>Poniewa\u017c sygna\u0142 z odbiornika u\u017cywany jest w vlfrx-tools, impuls 1PPS zosta\u0142\u00a0 skr\u00f3cony za pomoc\u0105 u-Center do 1ms (standardowo jest to 100ms).<\/p>\n<p>&nbsp;<\/p>\n<p>Autor: Jacek SQ5BPF<\/p>\n<p>&nbsp;<\/p>\n","protected":false},"excerpt":{"rendered":"<p>Proste \u017ar\u00f3d\u0142o i rozdzielacz sygna\u0142u 1PPS W praktyce radioamatorskiej przydaje si\u0119 dok\u0142adny wzorzec czasu i cz\u0119stotliwo\u015bci. Najta\u0144szym \u017ar\u00f3d\u0142em sygna\u0142u odniesienia jest system GPS. W artykule jest opisany prosty bufor i rozdzielacz sygna\u0142u 1PPS aby m\u00f3g\u0142 on by\u0107 u\u017cyty przez wiele urz\u0105dze\u0144. Odbiorniki GPS udost\u0119pniaj\u0105 sygna\u0142 1PPS, czyli jeden impuls na sekund\u0119 z narastaj\u0105cym zboczem dok\u0142adnie &hellip; <a href=\"https:\/\/klubnl.pl\/wpr\/artykuly\/proste-zrodlo-sygnalu-1pps\/\" class=\"more-link\">Czytaj dalej<span class=\"screen-reader-text\"> \u201eProste \u017ar\u00f3d\u0142o sygna\u0142u 1PPS\u201d<\/span><\/a><\/p>\n","protected":false},"author":1,"featured_media":0,"parent":125,"menu_order":0,"comment_status":"closed","ping_status":"closed","template":"","meta":{"footnotes":""},"class_list":["post-257","page","type-page","status-publish","hentry"],"translation":{"provider":"WPGlobus","version":"3.0.1","language":"pl","enabled_languages":["pl","en"],"languages":{"pl":{"title":true,"content":true,"excerpt":false},"en":{"title":true,"content":true,"excerpt":false}}},"_links":{"self":[{"href":"https:\/\/klubnl.pl\/wpr\/wp-json\/wp\/v2\/pages\/257","targetHints":{"allow":["GET"]}}],"collection":[{"href":"https:\/\/klubnl.pl\/wpr\/wp-json\/wp\/v2\/pages"}],"about":[{"href":"https:\/\/klubnl.pl\/wpr\/wp-json\/wp\/v2\/types\/page"}],"author":[{"embeddable":true,"href":"https:\/\/klubnl.pl\/wpr\/wp-json\/wp\/v2\/users\/1"}],"replies":[{"embeddable":true,"href":"https:\/\/klubnl.pl\/wpr\/wp-json\/wp\/v2\/comments?post=257"}],"version-history":[{"count":2,"href":"https:\/\/klubnl.pl\/wpr\/wp-json\/wp\/v2\/pages\/257\/revisions"}],"predecessor-version":[{"id":261,"href":"https:\/\/klubnl.pl\/wpr\/wp-json\/wp\/v2\/pages\/257\/revisions\/261"}],"up":[{"embeddable":true,"href":"https:\/\/klubnl.pl\/wpr\/wp-json\/wp\/v2\/pages\/125"}],"wp:attachment":[{"href":"https:\/\/klubnl.pl\/wpr\/wp-json\/wp\/v2\/media?parent=257"}],"curies":[{"name":"wp","href":"https:\/\/api.w.org\/{rel}","templated":true}]}}