{"id":246,"date":"2017-03-04T05:16:13","date_gmt":"2017-03-04T05:16:13","guid":{"rendered":"https:\/\/klubnl.pl\/wpr\/?page_id=246"},"modified":"2017-03-04T05:24:41","modified_gmt":"2017-03-04T05:24:41","slug":"sprzet-do-monitorowania-vlf-za-pomoca-vlfrx-tools","status":"publish","type":"page","link":"https:\/\/klubnl.pl\/wpr\/artykuly\/sprzet-do-monitorowania-vlf-za-pomoca-vlfrx-tools\/","title":{"rendered":"Sprz\u0119t do monitorowania VLF za pomoc\u0105 vlfrx-tools"},"content":{"rendered":"<h4>Sprz\u0119t do monitorowania VLF za pomoc\u0105 vlfrx-tools<\/h4>\n<p>Spo\u015br\u00f3d oprogramowania u\u017cywanego wsr\u00f3d entuzjast\u00f3w VLF warto zauwa\u017cy\u0107 vlfrx-tools autorstwa Paula Nicholsona. Rol\u0105 tego artyku\u0142u jest pokazanie konkretnego przyk\u0142adu instalacji u\u017cywanej do nas\u0142uchu VLF, w tym do dekodowania transmisji ebnaut. W celu kompensacji zmian cz\u0119stotliwo\u015bci pr\u00f3bkowania karty d\u017awi\u0119kowej zastosowano sygna\u0142 odniesienia 1PPS (1 impuls na sekund\u0119) z odbiornika GPS. Opis rozdzielacza do sygna\u0142u 1PPS dost\u0119pny jest tu: <a href=\"https:\/\/klubnl.pl\/wpr\/index.php\/artykuly\/proste-zrodlo-sygnalu-1pps\/\">Proste \u017ar\u00f3d\u0142o sygna\u0142u 1PPS<\/a><\/p>\n<p>W zakresie VLF nie wyst\u0119puj\u0105 szybkie zmiany fazy sygna\u0142u nawet przy propagacji na du\u017ce odleg\u0142o\u015bci. Dzi\u0119ki temu mo\u017cliwy jest odbi\u00f3r bardzo s\u0142abych sygna\u0142\u00f3w, pod warunkiem dobrej stabilizacji cz\u0119stotliwo\u015bci po stronie nadawczej i odbiorczej. W praktyce stosuje si\u0119 stabilizacj\u0119 za pomoc\u0105 wzorca GPS. Umo\u017cliwia to analiz\u0119 sygna\u0142\u00f3w o cz\u0119stotliwo\u015bci rz\u0119du 10kHz z rozdzielczo\u015bci\u0105 rz\u0119du 1uHz.<\/p>\n<p>Opis jak u\u017cy\u0107 vlfrx-tools z t\u0105 konfiguracj\u0105 sprz\u0119tow\u0105 opisany zostanie w kolejnym artykule na stronie klubnl.pl.<\/p>\n<h4>Opis instalacji<\/h4>\n<p>Uproszczony schemat instalacji umieszczony jest na Rys 1., sk\u0142ada si\u0119 ona z:<\/p>\n<ul>\n<li>komputera z zainstalowanym systemem Debian\/GNU Linux 8<\/li>\n<li>zewn\u0119trznej karty d\u017awi\u0119kowej Creative EMU-0204 (mo\u017cna by by\u0142o u\u017cy\u0107 r\u00f3wnie\u017c np. wewn\u0119trznej karty d\u017awi\u0119kowej w laptopie)<\/li>\n<li>anteny aktywnej na pasmo VLF, w tym wypadku jest to zmodyfikowana antena PA0RDT mini-whip<\/li>\n<li>odbiornika GPS z prostym buforem\/ rozdzielaczem do sygna\u0142u 1PPS, oraz z prostym uk\u0142adem do optoizolacji i formowania tego sygna\u0142u<\/li>\n<\/ul>\n<p><img loading=\"lazy\" decoding=\"async\" class=\"alignnone size-full wp-image-248\" src=\"https:\/\/klubnl.pl\/wpr\/wp-content\/uploads\/2017\/03\/vlfrx_home_pl.png\" alt=\"\" width=\"627\" height=\"416\" \/><\/p>\n<p><em>Rys 1. Uproszczony schemat instalacji<\/em><\/p>\n<p>Sygna\u0142 1PPS pochodzi ze \u017ar\u00f3d\u0142a opisanego w artykule <a href=\"https:\/\/klubnl.pl\/wpr\/index.php\/artykuly\/proste-zrodlo-sygnalu-1pps\/\">Proste \u017ar\u00f3d\u0142o sygna\u0142u 1PPS<\/a><\/p>\n<p>Pod\u0142\u0105czenie do karty d\u017awi\u0119kowej pokazane jest na Rys 2.<\/p>\n<p><img loading=\"lazy\" decoding=\"async\" class=\"alignnone size-full wp-image-252\" src=\"https:\/\/klubnl.pl\/wpr\/wp-content\/uploads\/2017\/03\/emu0204_interface.png\" alt=\"\" width=\"606\" height=\"330\" \/><\/p>\n<p><em>Rys 2. Interfejs do karty d\u017awi\u0119kowej<\/em><\/p>\n<p>Sygna\u0142 1PPS podany jest na wej\u015bcie\u00a0 L karty d\u017awi\u0119kowej. Sygna\u0142 ten jest u\u017cywany jest do korekty cz\u0119stotliwo\u015bci pr\u00f3bkowania karty, zak\u0142ocenie tego sygna\u0142u (np. przez 50Hz w wypadku wyst\u0119powania p\u0119tli masy) powoduje problemy z t\u0105 korekcj\u0105. Z tego powodu zastosowano izolacj\u0119 galwaniczn\u0105 sygna\u0142u 1PPS, sygna\u0142 ten jest dodatkowo formowany przez uk\u0142ad RC. Do zasilania transoptora wykorzystano napi\u0119cie +5V obecne na gnie\u017adzie wej\u015bcia L tej karty. W przypadku innych kart mo\u017cna wyprowadzi\u0107 zasilanie z karty lub u\u017cy\u0107 zewn\u0119trznego zasilacza lub w ostateczno\u015bci baterii.<\/p>\n<p>Do odbioru VLF zastosowano zmodyfikowana antene aktywn\u0105 PA0RDT mini-whip z &#8222;anten\u0105&#8221; w postaci 50cm przewodu (a nie kawa\u0142ka laminatu tak jak w orginale). Antena ta b\u0119dzie przedmiotem osobnego artyku\u0142u. Jest ona zasilana z zasilacza 20V przez dodatkowy filtr RC, sygna\u0142 z anteny wyprowadzony jest na wej\u015bcie R karty d\u017awi\u0119kowej przez transformator na pasmo d\u017cwi\u0119kowe (z modemu lub jakiego\u015b innego sprz\u0119tu telefonicznego). Izolacja galwaniczna zapobiega to dostawaniu si\u0119 zak\u0142\u00f3ce\u0144 z masy laptopa (50Hz, zak\u0142ocenia od zasilacza impulsowego laptopa itp) na wej\u015bcie anteny. Zak\u0142ocenia te opr\u00f3cz najbardziej widocznej sk\u0142adowej 50Hz (i harmonicznych) zawieraj\u0105 r\u00f3wnie\u017c szerokopasmowy szum, kt\u00f3ry pogarsza istotnie S\/N odbieranych sygna\u0142\u00f3w VLF.<\/p>\n<h4>Uruchomienie<\/h4>\n<p>Podstawowym problemem przy odbiorze VLF jest sygna\u0142 o cz\u0119stotliwo\u015bci sieci energetycznej 50Hz (oraz jego harmoniczne), oraz szerokopasmowy szum z zasilaczy impulsowych i innych \u017ar\u00f3de\u0142. Podczas uruchomienia proponuj\u0119 zastosowa\u0107 zasilanie wszystkich blok\u00f3w z baterii: bateria w laptopie, zasilanie akumulatorowe anteny VLF itp. Nale\u017cy r\u00f3wnie\u017c zadba\u0107 o\u00a0 mo\u017cliwie jak najlepsze uziemienie anteny na VLF je\u015bli jest to antena na sk\u0142adow\u0105 elektryczn\u0105.<\/p>\n<p>Karta d\u017awi\u0119kowa EMU-0204 umo\u017cliwia niezale\u017cn\u0105 regulacj\u0119 wzmocnienia kana\u0142u L i R. Ka\u017cdy kana\u0142 ma wska\u017anik w postaci dw\u00f3ch di\u00f3d LED: zielonej (je\u015bli sygna\u0142 wej\u015bciowy jest wi\u0119kszy ni\u017c -12dB w stosunku do maksymalnego zakresu przetwornika) i czerwonej (je\u015bli sygna\u0142 wej\u015bciowy przekracza zakres pomiarowy przetwornika).<\/p>\n<p>Wzmocnienie kana\u0142u L, do kt\u00f3rego pod\u0142\u0105czony jest uformowany sygna\u0142 1PPS, nale\u017cy ustawi\u0107 tak, aby impuls mia\u0142 amplitud\u0119 oko\u0142o 80% zakresu przetwornika. Wzmocnienie kana\u0142u R nale\u017cy ustawi\u0107 na ja najwi\u0119ksze (aby jak najlepiej wykorzysta\u0107 rozdzielczo\u015b\u0107 przetwornika), ale tak aby w podczas normalnej pracy przetwornik nie by\u0142 za cz\u0119sto przesterowany (dopuszczalne jest przesterowanie podczas niekt\u00f3rych wy\u0142adowa\u0144 atmosferycznych).<\/p>\n<p>Konfiguracja oprogramowania vlf-rx tools zostanie przedstawiona w nast\u0119pnym artykule.<\/p>\n<p>Autor: Jacek SQ5BPF<\/p>\n","protected":false},"excerpt":{"rendered":"<p>Sprz\u0119t do monitorowania VLF za pomoc\u0105 vlfrx-tools Spo\u015br\u00f3d oprogramowania u\u017cywanego wsr\u00f3d entuzjast\u00f3w VLF warto zauwa\u017cy\u0107 vlfrx-tools autorstwa Paula Nicholsona. Rol\u0105 tego artyku\u0142u jest pokazanie konkretnego przyk\u0142adu instalacji u\u017cywanej do nas\u0142uchu VLF, w tym do dekodowania transmisji ebnaut. W celu kompensacji zmian cz\u0119stotliwo\u015bci pr\u00f3bkowania karty d\u017awi\u0119kowej zastosowano sygna\u0142 odniesienia 1PPS (1 impuls na sekund\u0119) z odbiornika &hellip; <a href=\"https:\/\/klubnl.pl\/wpr\/artykuly\/sprzet-do-monitorowania-vlf-za-pomoca-vlfrx-tools\/\" class=\"more-link\">Czytaj dalej<span class=\"screen-reader-text\"> \u201eSprz\u0119t do monitorowania VLF za pomoc\u0105 vlfrx-tools\u201d<\/span><\/a><\/p>\n","protected":false},"author":1,"featured_media":0,"parent":125,"menu_order":0,"comment_status":"closed","ping_status":"closed","template":"","meta":{"footnotes":""},"class_list":["post-246","page","type-page","status-publish","hentry"],"translation":{"provider":"WPGlobus","version":"3.0.1","language":"pl","enabled_languages":["pl","en"],"languages":{"pl":{"title":true,"content":true,"excerpt":false},"en":{"title":true,"content":true,"excerpt":false}}},"_links":{"self":[{"href":"https:\/\/klubnl.pl\/wpr\/wp-json\/wp\/v2\/pages\/246","targetHints":{"allow":["GET"]}}],"collection":[{"href":"https:\/\/klubnl.pl\/wpr\/wp-json\/wp\/v2\/pages"}],"about":[{"href":"https:\/\/klubnl.pl\/wpr\/wp-json\/wp\/v2\/types\/page"}],"author":[{"embeddable":true,"href":"https:\/\/klubnl.pl\/wpr\/wp-json\/wp\/v2\/users\/1"}],"replies":[{"embeddable":true,"href":"https:\/\/klubnl.pl\/wpr\/wp-json\/wp\/v2\/comments?post=246"}],"version-history":[{"count":16,"href":"https:\/\/klubnl.pl\/wpr\/wp-json\/wp\/v2\/pages\/246\/revisions"}],"predecessor-version":[{"id":270,"href":"https:\/\/klubnl.pl\/wpr\/wp-json\/wp\/v2\/pages\/246\/revisions\/270"}],"up":[{"embeddable":true,"href":"https:\/\/klubnl.pl\/wpr\/wp-json\/wp\/v2\/pages\/125"}],"wp:attachment":[{"href":"https:\/\/klubnl.pl\/wpr\/wp-json\/wp\/v2\/media?parent=246"}],"curies":[{"name":"wp","href":"https:\/\/api.w.org\/{rel}","templated":true}]}}