{"id":15,"date":"2016-12-08T18:19:19","date_gmt":"2016-12-08T18:19:19","guid":{"rendered":"http:\/\/172.30.1.1\/wpr\/?page_id=15"},"modified":"2017-06-29T20:13:30","modified_gmt":"2017-06-29T20:13:30","slug":"o-nas","status":"publish","type":"page","link":"https:\/\/klubnl.pl\/wpr\/o-nas\/","title":{"rendered":"O NAS"},"content":{"rendered":"<p><strong>Kim jeste\u015bmy i co robimy<\/strong><\/p>\n<p>Klub Niezwyk\u0142ych \u0141\u0105czno\u015bci zrzesza ludzi eksploruj\u0105cych meandry kr\u00f3tkofalarstwa i radiokomunikacji.<\/p>\n<p>\u017badne fale nie s\u0105 dla nas zbyt d\u0142ugie lub zbyt kr\u00f3tkie.<\/p>\n<p>\u017baden sygna\u0142 nie jest dla nas zbyt s\u0142aby, \u017ceby przynajmniej nie spr\u00f3bowa\u0107 go odebra\u0107.<\/p>\n<p>\u017badne warunki nie s\u0105 zbyt z\u0142e, \u017ceby przynajmniej nie spr\u00f3bowa\u0107. Nie dysponujemy (jeszcze) parusetmetrowymi masztami antenowymi, ani wyposa\u017conym domkiem na Rysach, mimo to\u00a0 pr\u00f3bujemy.<\/p>\n<p>\u017badna emisja nie jest dla nas zbyt przestarza\u0142a ani zbyt nowa. Lubimy zar\u00f3wno telegrafie jak i emisje cyfrowe (ok,\u00a0 czasem nawet foni\u0119).<\/p>\n<p><strong>Kim nie jeste\u015bmy<\/strong><\/p>\n<p>Mimo tak zdefiniowanych cel\u00f3w oczywi\u015bcie nie mo\u017cemy zajmowa\u0107 si\u0119 wszystkim.<\/p>\n<p>Nie zajmujemy si\u0119 &#8222;zwyk\u0142ymi&#8221; pasmami amatorskimi.zbyt przestarza\u0142<\/p>\n<p>Mimo \u017ce zajmujemy si\u0119 emisjami cyfrowymi, nie zajmujemy si\u0119 emisjami cyfrowymi na UKF, nie jeste\u015bmy zgromadzeniem\u00a0 pasjonat\u00f3w DMR, DSTAR, NXDN, TETRA, HamNet itp.<\/p>\n<p>Te tematy s\u0105 bardzo ciekawe i nasi cz\u0142onkowie te\u017c si\u0119 nimi aktywnie zajmuj\u0105. Jednak\u017ce poruszane s\u0105 przez tysi\u0105ce innych opracowa\u0144 i organizacji, na pewno w spos\u00f3b lepszy i bardziej zaanga\u017cowany ni\u017c my mogliby\u015bmy to zrobi\u0107 na tym forum.<\/p>\n<p>Jacek SQ5BPF, Marcin SQ2BXI<\/p>\n","protected":false},"excerpt":{"rendered":"<p>Kim jeste\u015bmy i co robimy Klub Niezwyk\u0142ych \u0141\u0105czno\u015bci zrzesza ludzi eksploruj\u0105cych meandry kr\u00f3tkofalarstwa i radiokomunikacji. \u017badne fale nie s\u0105 dla nas zbyt d\u0142ugie lub zbyt kr\u00f3tkie. \u017baden sygna\u0142 nie jest dla nas zbyt s\u0142aby, \u017ceby przynajmniej nie spr\u00f3bowa\u0107 go odebra\u0107. \u017badne warunki nie s\u0105 zbyt z\u0142e, \u017ceby przynajmniej nie spr\u00f3bowa\u0107. Nie dysponujemy (jeszcze) parusetmetrowymi masztami &hellip; <a href=\"https:\/\/klubnl.pl\/wpr\/o-nas\/\" class=\"more-link\">Czytaj dalej<span class=\"screen-reader-text\"> \u201eO NAS\u201d<\/span><\/a><\/p>\n","protected":false},"author":1,"featured_media":0,"parent":0,"menu_order":0,"comment_status":"closed","ping_status":"closed","template":"","meta":{"footnotes":""},"class_list":["post-15","page","type-page","status-publish","hentry"],"translation":{"provider":"WPGlobus","version":"3.0.1","language":"pl","enabled_languages":["pl","en"],"languages":{"pl":{"title":true,"content":true,"excerpt":false},"en":{"title":true,"content":true,"excerpt":false}}},"_links":{"self":[{"href":"https:\/\/klubnl.pl\/wpr\/wp-json\/wp\/v2\/pages\/15","targetHints":{"allow":["GET"]}}],"collection":[{"href":"https:\/\/klubnl.pl\/wpr\/wp-json\/wp\/v2\/pages"}],"about":[{"href":"https:\/\/klubnl.pl\/wpr\/wp-json\/wp\/v2\/types\/page"}],"author":[{"embeddable":true,"href":"https:\/\/klubnl.pl\/wpr\/wp-json\/wp\/v2\/users\/1"}],"replies":[{"embeddable":true,"href":"https:\/\/klubnl.pl\/wpr\/wp-json\/wp\/v2\/comments?post=15"}],"version-history":[{"count":7,"href":"https:\/\/klubnl.pl\/wpr\/wp-json\/wp\/v2\/pages\/15\/revisions"}],"predecessor-version":[{"id":17,"href":"https:\/\/klubnl.pl\/wpr\/wp-json\/wp\/v2\/pages\/15\/revisions\/17"}],"wp:attachment":[{"href":"https:\/\/klubnl.pl\/wpr\/wp-json\/wp\/v2\/media?parent=15"}],"curies":[{"name":"wp","href":"https:\/\/api.w.org\/{rel}","templated":true}]}}