{"id":148,"date":"2016-12-23T13:46:12","date_gmt":"2016-12-23T13:46:12","guid":{"rendered":"https:\/\/klubnl.pl\/wpr\/?page_id=148"},"modified":"2016-12-23T14:33:14","modified_gmt":"2016-12-23T14:33:14","slug":"dopasowanie-anteny-longwire-na-pasmach-kf-i-630m","status":"publish","type":"page","link":"https:\/\/klubnl.pl\/wpr\/artykuly\/dopasowanie-anteny-longwire-na-pasmach-kf-i-630m\/","title":{"rendered":"Dopasowanie anteny longwire na pasmach KF i 630m"},"content":{"rendered":"<p>Kr\u00f3tkofalowcy cz\u0119sto musz\u0105 si\u0119 zadowoli\u0107 kompromisowymi antenami, kt\u00f3re pr\u00f3buja u\u017cy\u0107 na wszystkich dostepnych im pasmach. Tak\u0105 cz\u0119sto stosowan\u0105 anten\u0105 jest antena longwire &#8211; linka antenowa zawieszona pomi\u0119dzy budynkami zwykle nie zwraca niepotrzebnej uwagi, szczeg\u00f3lnie je\u015bli nie zawiera ona \u017cadnych wyr\u00f3\u017cniaj\u0105cych element\u00f3w (np. takich jak dipol).<\/p>\n<p>Mieszkam w typowej zabudowie z wielkiej p\u0142yty, co znacznie ogranicza mo\u017cliwo\u015b\u0107 instalacji du\u017cych anten. Jedyn\u0105 mo\u017cliw\u0105 anten\u0105 jest 40m linki antenowej zamieszonej poziomo pomi\u0119dzy blokami na wysoko\u015bci 4 pi\u0119tra. Antena ta musi wystarczy\u0107 do obs\u0142ugi wielu pasm, od VLF do KF. Z tego powodu zosta\u0142 skonstruowany uk\u0142ad umo\u017cliwiaj\u0105cy prze\u0142\u0105czanie uk\u0142ad\u00f3w dopasowuj\u0105cych bezpo\u015brednio na dachu.<\/p>\n<figure id=\"attachment_149\" aria-describedby=\"caption-attachment-149\" style=\"width: 1153px\" class=\"wp-caption alignnone\"><img loading=\"lazy\" decoding=\"async\" class=\"size-full wp-image-149\" src=\"https:\/\/klubnl.pl\/wpr\/wp-content\/uploads\/2016\/12\/dopasowanie_longwire_20140212.png\" alt=\"\" width=\"1153\" height=\"606\" \/><figcaption id=\"caption-attachment-149\" class=\"wp-caption-text\">40m longwire VLF\/630m\/160-17m match<\/figcaption><\/figure>\n<p>Uk\u0142ad umo\u017cliwia prze\u0142\u0105czanie anteny longwire 40m pomi\u0119dzy transformatorem na pasma KF 160m-17m (prze\u0142\u0105czane dopasowania 1:1, 4:9, 1:4, 1:9), transformatorem na pasmo VLF (rezonans oko\u0142o 8kHz), cewk\u0105 dopasowuj\u0105c\u0105 na pasmo 630m (z mo\u017cliwo\u015bci\u0105 podstrajania anteny przez dodatkow\u0105 indukcyjno\u015b\u0107 prze\u0142\u0105czan\u0105 przeka\u017anikami). W celu zmniejszenia wymiar\u00f3w cewki dopasowuj\u0105cej, zosta\u0142a ona nawini\u0119ta na rdzeniu ferrytowym. Jest to tzw. impeder &#8211; rdze\u0144 ferrytowy wk\u0142adany do rur podczas ich zgrzewania indukcyjnego.<\/p>\n<p>Transformator na pasma KF jest nawini\u0119ty trifilarnie 14 zwojami na rdzeniu Amidon T200-2.<\/p>\n<p>Jako transformator na pasmo VLF wykorzysta\u0142em stary transformator wysokiego napi\u0119cia od TV. Jego uzwojenie wt\u00f3rne ma rezonans z pojemno\u015bci\u0105 anteny (oko\u0142o 200pF) w okolicach 8kHz. Uzwojenie pierwotne ma 10 zwoj\u00f3w.<\/p>\n<p>Dopasowanie w postaci szeregowej cewki ma wad\u0119 polegajac\u0105 na braku mo\u017cliwo\u015bci dopasowania impedancji. W przypadku ten anteny przy minimum SWR antena mia\u0142a impedancj\u0119 oko\u0142o 12 om\u00f3w. Dalsze dopasowanie odbywa si\u0119 przez pod\u0142\u0105czenie kondensatora (ju\u017c za kablem koncentrycznym, od strony instalacji antenowej w domu), kt\u00f3ry tworzy z cewk\u0105 dopasowuj\u0105c\u0105 uk\u0142ad LC. Takie dopasowanie jest prawdopodobnie bardziej stratne ni\u017c zastosowanie du\u017cej cewki powietrznej z odczepami, lecz unikamy dzi\u0119ki temu du\u017cych cewek na dachu i konieczno\u015bci prze\u0142\u0105czania odczep\u00f3w (i dodatkowych wycieczek na dach). Poni\u017cej uproszczony uk\u0142ad pokazuj\u0105cy tylko cewk\u0119 dopasowuj\u0105c\u0105 na pasmo 630m na dachu i pojemno\u015b\u0107 w domu.<\/p>\n<p><img loading=\"lazy\" decoding=\"async\" class=\"alignnone size-full wp-image-150\" src=\"https:\/\/klubnl.pl\/wpr\/wp-content\/uploads\/2016\/12\/lw_630_match.png\" alt=\"\" width=\"513\" height=\"180\" \/><\/p>\n<p>Uk\u0142ad dopasowania VLF mo\u017cna zamieni\u0107 na cewk\u0119 do dopasowania na pasmo 136kHz.<\/p>\n<p>Autor: Jacek \/ SQ5BPF<\/p>\n","protected":false},"excerpt":{"rendered":"<p>Kr\u00f3tkofalowcy cz\u0119sto musz\u0105 si\u0119 zadowoli\u0107 kompromisowymi antenami, kt\u00f3re pr\u00f3buja u\u017cy\u0107 na wszystkich dostepnych im pasmach. Tak\u0105 cz\u0119sto stosowan\u0105 anten\u0105 jest antena longwire &#8211; linka antenowa zawieszona pomi\u0119dzy budynkami zwykle nie zwraca niepotrzebnej uwagi, szczeg\u00f3lnie je\u015bli nie zawiera ona \u017cadnych wyr\u00f3\u017cniaj\u0105cych element\u00f3w (np. takich jak dipol). Mieszkam w typowej zabudowie z wielkiej p\u0142yty, co znacznie ogranicza &hellip; <a href=\"https:\/\/klubnl.pl\/wpr\/artykuly\/dopasowanie-anteny-longwire-na-pasmach-kf-i-630m\/\" class=\"more-link\">Czytaj dalej<span class=\"screen-reader-text\"> \u201eDopasowanie anteny longwire na pasmach KF i 630m\u201d<\/span><\/a><\/p>\n","protected":false},"author":1,"featured_media":0,"parent":125,"menu_order":0,"comment_status":"closed","ping_status":"closed","template":"","meta":{"footnotes":""},"class_list":["post-148","page","type-page","status-publish","hentry"],"translation":{"provider":"WPGlobus","version":"3.0.1","language":"pl","enabled_languages":["pl","en"],"languages":{"pl":{"title":true,"content":true,"excerpt":false},"en":{"title":true,"content":true,"excerpt":false}}},"_links":{"self":[{"href":"https:\/\/klubnl.pl\/wpr\/wp-json\/wp\/v2\/pages\/148","targetHints":{"allow":["GET"]}}],"collection":[{"href":"https:\/\/klubnl.pl\/wpr\/wp-json\/wp\/v2\/pages"}],"about":[{"href":"https:\/\/klubnl.pl\/wpr\/wp-json\/wp\/v2\/types\/page"}],"author":[{"embeddable":true,"href":"https:\/\/klubnl.pl\/wpr\/wp-json\/wp\/v2\/users\/1"}],"replies":[{"embeddable":true,"href":"https:\/\/klubnl.pl\/wpr\/wp-json\/wp\/v2\/comments?post=148"}],"version-history":[{"count":6,"href":"https:\/\/klubnl.pl\/wpr\/wp-json\/wp\/v2\/pages\/148\/revisions"}],"predecessor-version":[{"id":157,"href":"https:\/\/klubnl.pl\/wpr\/wp-json\/wp\/v2\/pages\/148\/revisions\/157"}],"up":[{"embeddable":true,"href":"https:\/\/klubnl.pl\/wpr\/wp-json\/wp\/v2\/pages\/125"}],"wp:attachment":[{"href":"https:\/\/klubnl.pl\/wpr\/wp-json\/wp\/v2\/media?parent=148"}],"curies":[{"name":"wp","href":"https:\/\/api.w.org\/{rel}","templated":true}]}}