{"id":128,"date":"2016-12-23T08:35:20","date_gmt":"2016-12-23T08:35:20","guid":{"rendered":"https:\/\/klubnl.pl\/wpr\/?page_id=128"},"modified":"2016-12-23T11:05:55","modified_gmt":"2016-12-23T11:05:55","slug":"bardzo-prosty-odbiornik-136khz","status":"publish","type":"page","link":"https:\/\/klubnl.pl\/wpr\/artykuly\/bardzo-prosty-odbiornik-136khz\/","title":{"rendered":"Bardzo prosty odbiornik 136kHz"},"content":{"rendered":"<p>Przedstawiam bardzo prosty odbiornik na pasmo 136kHz, z cz\u0119stotliwo\u015bci\u0105 po\u015bredni\u0105 12kHz. Sygna\u0142 p.cz. mo\u017ce by\u0107 pod\u0142\u0105czony do karty d\u017awi\u0119kowej i dalej dowolnie przetwarzany w oprogramowaniu (np. na wykres wodospadowy, na foni\u0119 do pracy CW), np. za pomoc\u0105 programu Spectrum Lab.<\/p>\n<p><img loading=\"lazy\" decoding=\"async\" class=\"alignnone size-full wp-image-119\" src=\"https:\/\/klubnl.pl\/wpr\/wp-content\/uploads\/2016\/12\/rx137khz.png\" alt=\"\" width=\"611\" height=\"537\" \/><\/p>\n<p>Sygna\u0142 z anteny jest filtrowany w dwuobwodowym filtrze, jako indukcyjno\u015bci wykorzystano d\u0142awiki osiowe 2.2mH (o dosy\u0107 kiepskiej dobroci). Dalej jest on mieszany z sygna\u0142em 125kHz na prostym mieszaczu na tranzystorze BF966 (mo\u017cna zastosowa\u0107 dowolny inny dwubramkowy mosfet do zastosowa\u0144 w.cz.). Wynik mieszania jest dalej filtrowany w jednoobwodowym filtrze LC nastrojonym na 12kHz i podany na kart\u0119 d\u017awi\u0119kow\u0105 komputera. Sygna\u0142 125kHz jest generowany w uk\u0142adzie CD4060, kt\u00f3ry zawiera w sobie generator i dzielnik. U\u017cyto kwarcu 8000kHz (8000kHz\/64=125kHz).<\/p>\n<p>Zastosowano oprogramowanie Spectrum Lab. Po podaniu jako offset 125kHz b\u0119dziemy mie\u0107 odczyt wprost na osi cz\u0119stotliwo\u015bci programu. Jako odbiornika najpro\u015bciej na pocz\u0105tek u\u017cy\u0107 odbiornika do SAQ (plik SAQrcvr1.usr dostarczony z programem), umo\u017cliwi to zar\u00f3wno ogl\u0105danie widma na wykresie wodospadowym jak i odbi\u00f3r sygna\u0142\u00f3w CW na s\u0142uch. Po odpowiednich modyfikacjach mo\u017cna np. odbiera\u0107 emisje typu QRSS60. Wyj\u015bcie audio ze Spectrum Lab mo\u017cna przekierowa\u0107 do innych program\u00f3w i w ten spos\u00f3b odbiera\u0107 inne emisje np. WSPR, RTTY.<\/p>\n<p>Przedstawiony odbiornik nie jest na pewno odbiornikiem wyczynowym, ale jest bardzo \u0142atwy w konstrukcji i pozwoli w szybki spos\u00f3b zapozna\u0107 si\u0119 ze specyfik\u0105 pasma 136kHz.<\/p>\n<p>Konstrukcja zosta\u0142a wykonana z tego co by\u0142o aktualnie pod r\u0119k\u0105 (blacha z puszek, p\u0142ytka uniwersalna itp):<\/p>\n<figure id=\"attachment_122\" aria-describedby=\"caption-attachment-122\" style=\"width: 498px\" class=\"wp-caption alignnone\"><img loading=\"lazy\" decoding=\"async\" class=\"size-full wp-image-122\" src=\"https:\/\/klubnl.pl\/wpr\/wp-content\/uploads\/2016\/12\/lfrx1.jpg\" alt=\"\" width=\"498\" height=\"439\" \/><figcaption id=\"caption-attachment-122\" class=\"wp-caption-text\">SQ5BPF 136kHz RX<\/figcaption><\/figure>\n<p>Przedstawiony odbiornik mo\u017cna r\u00f3wnie\u017c u\u017cy\u0107 w pa\u015bmie 472kHz po zmianie filtr\u00f3w wej\u015bciowych i generatora (np. 3.686MHz i podzia\u0142 przez 8 da nam 460.75kHz, wi\u0119c pasmo 472kHz b\u0119dzie w zakresie 11.25-18.25kHz).<\/p>\n<p>Je\u015bli b\u0119dzie zainteresowanie, mog\u0119 opublikowa\u0107 konfiguracje Spectrum Lab do pracy z tym odbiornikiem.<\/p>\n<p>Autor: Jacek \/ SQ5BPF<\/p>\n","protected":false},"excerpt":{"rendered":"<p>Przedstawiam bardzo prosty odbiornik na pasmo 136kHz, z cz\u0119stotliwo\u015bci\u0105 po\u015bredni\u0105 12kHz. Sygna\u0142 p.cz. mo\u017ce by\u0107 pod\u0142\u0105czony do karty d\u017awi\u0119kowej i dalej dowolnie przetwarzany w oprogramowaniu (np. na wykres wodospadowy, na foni\u0119 do pracy CW), np. za pomoc\u0105 programu Spectrum Lab. Sygna\u0142 z anteny jest filtrowany w dwuobwodowym filtrze, jako indukcyjno\u015bci wykorzystano d\u0142awiki osiowe 2.2mH (o &hellip; <a href=\"https:\/\/klubnl.pl\/wpr\/artykuly\/bardzo-prosty-odbiornik-136khz\/\" class=\"more-link\">Czytaj dalej<span class=\"screen-reader-text\"> \u201eBardzo prosty odbiornik 136kHz\u201d<\/span><\/a><\/p>\n","protected":false},"author":1,"featured_media":0,"parent":125,"menu_order":0,"comment_status":"closed","ping_status":"closed","template":"","meta":{"footnotes":""},"class_list":["post-128","page","type-page","status-publish","hentry"],"translation":{"provider":"WPGlobus","version":"3.0.1","language":"pl","enabled_languages":["pl","en"],"languages":{"pl":{"title":true,"content":true,"excerpt":false},"en":{"title":true,"content":true,"excerpt":false}}},"_links":{"self":[{"href":"https:\/\/klubnl.pl\/wpr\/wp-json\/wp\/v2\/pages\/128","targetHints":{"allow":["GET"]}}],"collection":[{"href":"https:\/\/klubnl.pl\/wpr\/wp-json\/wp\/v2\/pages"}],"about":[{"href":"https:\/\/klubnl.pl\/wpr\/wp-json\/wp\/v2\/types\/page"}],"author":[{"embeddable":true,"href":"https:\/\/klubnl.pl\/wpr\/wp-json\/wp\/v2\/users\/1"}],"replies":[{"embeddable":true,"href":"https:\/\/klubnl.pl\/wpr\/wp-json\/wp\/v2\/comments?post=128"}],"version-history":[{"count":5,"href":"https:\/\/klubnl.pl\/wpr\/wp-json\/wp\/v2\/pages\/128\/revisions"}],"predecessor-version":[{"id":180,"href":"https:\/\/klubnl.pl\/wpr\/wp-json\/wp\/v2\/pages\/128\/revisions\/180"}],"up":[{"embeddable":true,"href":"https:\/\/klubnl.pl\/wpr\/wp-json\/wp\/v2\/pages\/125"}],"wp:attachment":[{"href":"https:\/\/klubnl.pl\/wpr\/wp-json\/wp\/v2\/media?parent=128"}],"curies":[{"name":"wp","href":"https:\/\/api.w.org\/{rel}","templated":true}]}}