{"id":125,"date":"2016-12-23T08:32:25","date_gmt":"2016-12-23T08:32:25","guid":{"rendered":"https:\/\/klubnl.pl\/wpr\/?page_id=125"},"modified":"2019-02-20T18:10:40","modified_gmt":"2019-02-20T18:10:40","slug":"artykuly","status":"publish","type":"page","link":"https:\/\/klubnl.pl\/wpr\/artykuly\/","title":{"rendered":"Artyku\u0142y"},"content":{"rendered":"<p>Artyku\u0142y KLUBNL.PL<\/p>\n<p><a href=\"https:\/\/klubnl.pl\/wpr\/index.php\/artykuly\/bardzo-prosty-odbiornik-136khz\/\">Bardzo prosty odbiornik 136kHz<\/a><\/p>\n<p><a href=\"https:\/\/klubnl.pl\/wpr\/index.php\/artykuly\/dopasowanie-anteny-longwire-na-pasmach-kf-i-630m\/\">Dopasowanie anteny longwire na pasmach KF i 630m<\/a><\/p>\n<p><a href=\"https:\/\/klubnl.pl\/wpr\/index.php\/artykuly\/lista-grabberow-vlflfmf\/\">Lista Grabber\u00f3w VLF\/LF\/MF<\/a><\/p>\n<p><a href=\"https:\/\/klubnl.pl\/wpr\/index.php\/artykuly\/proste-zrodlo-sygnalu-1pps\/\">Proste \u017ar\u00f3d\u0142o sygna\u0142u 1PPS<\/a><\/p>\n<p><a href=\"https:\/\/klubnl.pl\/wpr\/index.php\/artykuly\/sprzet-do-monitorowania-vlf-za-pomoca-vlfrx-tools\/\">Sprz\u0119t do monitorowania VLF za pomoc\u0105 vlfrx-tools<\/a><\/p>\n<p><a href=\"https:\/\/klubnl.pl\/wpr\/index.php\/artykuly\/uzywanie-vlfrx-tools\/\">U\u017cywanie vlfrx-tools<\/a><\/p>\n<p><a href=\"https:\/\/klubnl.pl\/wpr\/index.php\/artykuly\/uniwersalny-nadawczy-autotransformator-antenowy-na-pasma-827khz-136khz-i-472khz\/\">Uniwersalny nadawczy autotransformator antenowy na pasma 8,27kHz, 136kHz i 472kHz.<\/a><\/p>\n","protected":false},"excerpt":{"rendered":"<p>Artyku\u0142y KLUBNL.PL Bardzo prosty odbiornik 136kHz Dopasowanie anteny longwire na pasmach KF i 630m Lista Grabber\u00f3w VLF\/LF\/MF Proste \u017ar\u00f3d\u0142o sygna\u0142u 1PPS Sprz\u0119t do monitorowania VLF za pomoc\u0105 vlfrx-tools U\u017cywanie vlfrx-tools Uniwersalny nadawczy autotransformator antenowy na pasma 8,27kHz, 136kHz i 472kHz.<\/p>\n","protected":false},"author":1,"featured_media":0,"parent":0,"menu_order":0,"comment_status":"closed","ping_status":"closed","template":"","meta":{"footnotes":""},"class_list":["post-125","page","type-page","status-publish","hentry"],"translation":{"provider":"WPGlobus","version":"3.0.1","language":"pl","enabled_languages":["pl","en"],"languages":{"pl":{"title":true,"content":true,"excerpt":false},"en":{"title":true,"content":true,"excerpt":false}}},"_links":{"self":[{"href":"https:\/\/klubnl.pl\/wpr\/wp-json\/wp\/v2\/pages\/125","targetHints":{"allow":["GET"]}}],"collection":[{"href":"https:\/\/klubnl.pl\/wpr\/wp-json\/wp\/v2\/pages"}],"about":[{"href":"https:\/\/klubnl.pl\/wpr\/wp-json\/wp\/v2\/types\/page"}],"author":[{"embeddable":true,"href":"https:\/\/klubnl.pl\/wpr\/wp-json\/wp\/v2\/users\/1"}],"replies":[{"embeddable":true,"href":"https:\/\/klubnl.pl\/wpr\/wp-json\/wp\/v2\/comments?post=125"}],"version-history":[{"count":13,"href":"https:\/\/klubnl.pl\/wpr\/wp-json\/wp\/v2\/pages\/125\/revisions"}],"predecessor-version":[{"id":1277,"href":"https:\/\/klubnl.pl\/wpr\/wp-json\/wp\/v2\/pages\/125\/revisions\/1277"}],"wp:attachment":[{"href":"https:\/\/klubnl.pl\/wpr\/wp-json\/wp\/v2\/media?parent=125"}],"curies":[{"name":"wp","href":"https:\/\/api.w.org\/{rel}","templated":true}]}}